{"id":560,"date":"2019-07-15T19:50:28","date_gmt":"2019-07-15T17:50:28","guid":{"rendered":"http:\/\/www.anovapeneira.gal\/?page_id=560"},"modified":"2019-07-15T23:16:42","modified_gmt":"2019-07-15T21:16:42","slug":"aviso-legal-e-politica-de-cookies","status":"publish","type":"page","link":"https:\/\/www.anovapeneira.gal\/index.php\/aviso-legal-e-politica-de-cookies\/","title":{"rendered":"Aviso Legal e Pol\u00edtica de Cookies"},"content":{"rendered":"\n<p><strong>I.\nInformaci\u00f3n xeral <\/strong>\n<\/p>\n\n\n\n<p>En\ncumprimento co deber de informaci\u00f3n disposto na Lei 34\/2002 de\nServizos da Sociedade da Informaci\u00f3n e o Comercio Electr\u00f3nico (\nLSSI- Ce) do 11 de xullo, facil\u00edtanse a continuaci\u00f3n os seguintes\ndatos de informaci\u00f3n xeral deste sitio web: A titularidade deste\nsitio web http:\/\/www.anovapeneira.gal, (en diante sitio web)\nost\u00e9ntaa:<br>Edici\u00f3ns Mide, S.L: provista de NIF B27825595 e\ninscrita en:&nbsp; rexistro mercantil de pontevedra folio 60 libro\n4089,inscrici\u00f3n 1\u00ba folla po-5948, cuxo representante \u00e9:\nConstantino Lago Vargas, e cuxos datos de contacto son: Direcci\u00f3n:<br>C\/\nGarc\u00eda Lorca3, 6 AB, 36210 Vigo Email de contacto:\ndirector@anovapeneira.gal \n<\/p>\n\n\n\n<p><strong>II. Termos e condici\u00f3ns xerais de uso <\/strong>\n\t<\/p>\n\n\n\n<p>O obxecto das condici\u00f3ns: O sitio web O obejto das presentes\n\tcondici\u00f3ns Xerais de Uso (en diante, Condici\u00f3ns) \u00e9 regular o\n\tacceso e a utilizaci\u00f3n do Sitio web. Para os efectos das presentes\n\tCondici\u00f3ns entenderase como Sitio web a aparencia externa dos\n\tinterfaces de pantalla, tanto de forma est\u00e1tica como de forma\n\tdin\u00e1mica, \u00e9 dicir, a \u00e1rbore de navegaci\u00f3n,; e todos os elementos\n\tintegrados tanto nos interfaces de pantalla como na \u00e1rbore de\n\tnavegaci\u00f3n (en diante, contidos) e todos aqueles servizos ou\n\trecursos en li\u00f1a que no seu caso ofreza aos Usuarios (en diante,\n\tServizos)<\/p>\n\n\n\n<p>A Nova Peneira se reserva a facultade de modificar, en calquera\n\tmomento, e sen aviso previo, a presentaci\u00f3n e configuraci\u00f3n do\n\tSitio web e dos Contidos e Servizos que nel puidesen estar\n\tincorporados. O Usuario reco\u00f1ece e acepta que en calquera momento A\n\tNova Peneira pode interromper, desactivar e \/ou cancelar calquera\n\tdestes elementos que se integran no Sitio web ou o accesos alos\n\tmesmos. \n\t<\/p>\n\n\n\n<p>O acceso ao Sitio web polo Usuario ten car\u00e1cter libre e, por\n\tregra xeral, \u00e9 gratu\u00edto sen que o Usuario te\u00f1a que proporcionar\n\tunha contraprestaci\u00f3n para poder gozar diso, salvo no relativo ao\n\tcusto de conexi\u00f3n a trav\u00e9s da rede de telecomunicaci\u00f3ns\n\tsuminstrada polo provedor de acceso que houber contratado o Usuario.\n\tA utilizaci\u00f3n dalg\u00fan dos Contidos ou Servizos poder\u00e1 facerse\n\tmediante a subscrici\u00f3n ou rexistro previo do Usuario. \n\t<\/p>\n\n\n\n<p><strong>O usuario <\/strong>\n\t<\/p>\n\n\n\n<p>O acceso, a navegaci\u00f3n e uso do Sitio web, as\u00ed como polos\n\tespazos habilitados para interacturar entre os Usuarios, e o Usuario\n\te A Nova Peneira, como os comentarios e\/ou espazos de blogging,\n\tconfire a condici\u00f3n de Usuario, polo que se aceptan, desde que se\n\tinicia a navegaci\u00f3n polo Sitio Weg, todas as condici\u00f3ns aqu\u00ed\n\testablecidas, sen prexu\u00edzo da aplicaci\u00f3n da correspondente\n\tnormativa legal de obrigado cumprimento segundo o caso.&nbsp; \n\t<\/p>\n\n\n\n<p>O usuario asume a responsabilidade para realizar un uso correcto\n\tdo Sitio web. \n\t<\/p>\n\n\n\n<p>Un uso da informaci\u00f3n, Contido e\/ou Servizos e datos ofrecidos\n\tpola Nova peneira sen que sexa contrario ao disposto polas presentes\n\tCondici\u00f3ns, a Lei, a moral ou a orde p\u00fablica, ou que de calquera\n\toutro modo poidan supo\u00f1er lesi\u00f3n dos dereitos de terceiros ou do\n\tmesmo funcionamento web. \n\t<\/p>\n\n\n\n<p>A veracidade e licitud das informaci\u00f3ns achegadas polo Usuario\n\tenlos formularios estendidos pola Nova Peneira para o acceso a\n\tcertos Contidos ou Servizos ofrecidos polo Sitio web. En todo caso,\n\to Usuario notificar\u00e1 de forma inmediata \u00e1 Nova Peneira acerca de\n\tcalquera feito que permita o uso indebido da informaci\u00f3n rexistrada\n\tnos devanditos formularios, tales como, pero non s\u00f3, o roubo,\n\textrav\u00edo, ou o acceso non autorizado a identificadores e\/ou\n\tcontrasinais, co fin de proceder \u00e1 s\u00faa inmediata cancelaci\u00f3n. \n\t<\/p>\n\n\n\n<p>A Nova Peneira res\u00e9rvase o dereito de retirar todos aqueles\n\tcomentarios e aprotaciones que vulneren a lei, o respecto \u00e1\n\tdignidade &nbsp;da persoa, que sexan discriminatorios, xen\u00f3fobos,\n\tracistas, pornogr\u00e1ficos, spamming, que atenten contra a mocidade ou\n\ta infancia, a orde ou a seguiridad p\u00fablica ou que, ao seu xu\u00edzo,\n\tnon resultasen adecuados para a s\u00faa publicaci\u00f3n. \n\t<\/p>\n\n\n\n<p>En calquera caso, A Nova Peneira non ser\u00e1 responsable das\n\topini\u00f3ns vertidad polos usuarios a trav\u00e9s de comentarios ou outras\n\tferramentas de blogging ou de participaci\u00f3n que poida haber. \n\t<\/p>\n\n\n\n<p>O mero acceso a este Sitio web non sup\u00f3n establecer ning\u00fan tipo\n\tde relaci\u00f3n de car\u00e1cter comercial entre A Nova Peneira e o\n\tUsuario. O Usuario declara ser maior de idade e dispo\u00f1er da\n\tcapacidade xur\u00eddica suficiente para vincularse polas presentes\n\tCondici\u00f3ns. Por tanto, este Sitio web da Nova Peneira non se dirixe\n\ta menores de idade. A Nova Peneira declina calquera responsabilidade\n\tpolo incumprimento deste requisito. \n\t<\/p>\n\n\n\n<p>O Sitio web est\u00e1 dirixido principalmente a Usuarios residentes en Espa\u00f1a. A Nova Peneira non asegura que o sitio web cumpra con lexislaci\u00f3ns doutros pa\u00edses, xa sexa total ou parcialmente. Se o Usuario reside ou ten o seu domicilio noutro lugar e decide acceder e\/ou navegar polo Sitio web farao baixo a s\u00faa propia responsabilidade, deber\u00e1 asegurarse de que tal acceso e navegaci\u00f3n cumpre coa lexislaci\u00f3n local que lle \u00e9 aplicable, non asumindo A Nova Peneira responsabilidade algunha que se poida derivar do devandito acceso.<\/p>\n\n\n\n<p><strong>III. Acceso e navegaci\u00f3n no sitio web: exclusi\u00f3n de garant\u00edas e responsabilidade<\/strong><\/p>\n\n\n\n<p>A Nova Peneira non garante a continuidade, dispo\u00f1ibilidade e utilidade do Sitio web, nin de vos Contidos ou Servizos. A Nova Peneira far\u00e1 todo o posible polo bo funcionamento do Sitio web, con todo, non se responsabiliza nin garante que o acceso a esta Sito Web non vaia a ser ininterrompido ou que estea libre de erro.  Tampouco ser responsabiliza ou garante que o contido ou software ao que pode accederse a trav\u00e9s deste sitio web, estea libre de erro ou cause un dano ao sistema inform\u00e1tico do usuario. En ning\u00fan caso A Nova Peneira ser\u00e1 responsable polas perdas, ou danos ou prejucios de calquera tipo que xurdan polo acceso, navegaci\u00f3n e o uso do Sitio web, inclu\u00edndose, pero non limit\u00e1ndose, aos ocasionados aos sistemas inform\u00e1ticos ou os provocados pola introduci\u00f3n de virus.  A Nova Peneira tampouco se fai responsable dos danos que puidesen ocasionarse aos usuarios por un uso inadecuado deste Sitio web. En particular, non se fai responsable de ning\u00fan xeito das ca\u00eddas, interrupci\u00f3ns, falta ou defecto das telecomunicaci\u00f3ns que puidesen ocorrer. <\/p>\n\n\n\n<p> <strong>IV. Pol\u00edtica de privacidade e protecci\u00f3n de datos <\/strong> <\/p>\n\n\n\n<p>A Nova Peneira se compromente a adoptar as medidas t\u00e9cnicas e organizativas necesarias, segundo o nivel de seguridade adecuado ao risco dos datos recolleitos. Leis que incorpora est\u00e1 pol\u00edtica de privacidade Esta pol\u00edtica de privacidade est\u00e1 adaptada \u00e1 normativa espa\u00f1ola e europea vixente en materia do protecci\u00f3n de datos persoais na internet. En concreto, a mesma respecta as seguintes normas: O regulamento (UE) 2016\/679 do Parlamento Europeo e do Consello, do 27 de abril de 2016, relativo \u00e1 protecci\u00f3n das persoas f\u00edsicas no que respecta ao tratamento de datos persoais e \u00e1 libre circulaci\u00f3n destes datos ( RGPD) A Lei Org\u00e1nica 3\/2018, do 5 de decembro, de Protecci\u00f3n de Datos Persoais e garant\u00eda dos dereitos dixitais. O Real decreto 1720\/2007, do 21 de decembro, polo que se aproba o Regulamento de desenvolvemento da Lei Org\u00e1nica 15\/1999, do 13 de decembro, de Protecci\u00f3n de Datos de Car\u00e1cter Persoal ( RDLOPD) A Lei 34\/2002, do 11 de xullo, de Servizos da Sociedade da informaci\u00f3n e de Comercio Electr\u00f3nico ( LSSI-CE) Identidade do responsable do tratamento dos datos persoais O responsable do tratamento dos datos persoais recollidos na Nova Peneira \u00e9: EDICI\u00d3NS MIDE, S.L. Provista de NIF: B27825595 e inscrita en Rexistro Mercantil de Pontevedra cos seguintes datos rexistrais: folio 60 libro 4089, incrisprci\u00f3n 1\u00ba folla po-5948, cuxo representante \u00e9: Constantino Lago Vargas ( en diante, tam\u00e9n Responsable do tratamento).  <strong>Os seus datos de contacto son os seguintes: <\/strong><br>C\/ Garc\u00eda Lorca 3 6 AB, 36210 Vigo<br>mail: director@anovapeneira.gal  Delegado de Protecci\u00f3n de Datos ( DPD) O delegado de Protecci\u00f3n de datos de Datos ( DPD, ou DPO polas s\u00faas siglas en ingl\u00e9s) \u00e9 o encargado de velar polo cumprimento da normativa de protecci\u00f3n de datos \u00e1 cal se atopa suxeita A Nova Peneira. O Usuario pode contactar co DpD designado polo Responsable do tratamento utilizando os seguintes  datos de contacto: <br>C\/ Garc\u00eda Lorca 3 6 AB, 36210 Vigo<br>mail: director@anovapeneira.gal  Principios aplicables ao tratamento dos datos persoais O tratamento dos datos persoais do Usuario someterase aos seguintes principios recolleitos no artigo5 do RGPD: Principio de licitud, lealdade e transparencia Principio de limitaci\u00f3n da finalidade Principio de minimizaci\u00f3n de datos Principio de exactitude Principio de limitaci\u00f3n do prazo de conservaci\u00f3n Principio de integridade e confidencialidade Principio de responsabilidade proactiva Per\u00edodos de retenci\u00f3n dos datos persoais Os datos persoais s\u00f3 ser\u00e1n retidos durante o tempo m\u00ednimo necesario para os fins do seu tratamento. V cokies. <br><\/p>\n\n\n\n<p><strong>V.<\/strong> <strong>Cookies <\/strong><\/p>\n\n\n\n<p>O acceso a este sitio web pode implicar a utilizaci\u00f3n de cookies. As cookies son pequenas cantidades de informaci\u00f3n que se almacenan no navegador utilizado por cada usuario. A informaci\u00f3n solicitada a atrav\u00e9s das cookies pode inclu\u00edr a data e hora de visitas ao Sitio web, as p\u00e1xinas visionadas, o tempo que estivo no Sitio web e os sitios visitados xusto antes e despois do mesmo. Con todo, ningunha cookie permite que esta mesma poida contactarse co n\u00famero de tel\u00e9fono do Usuario ou con calquera outro medio de contacto persoal. As cookies que permiten identificar a unha persoa consid\u00e9ranse datos persoais. Por tanto, \u00e1s mesmas seralles de aplicaci\u00f3n a Pol\u00edtica de Privacidade anteriormente descrita.<\/p>\n\n\n\n<p><strong>VI. Pol\u00edtica de ligaz\u00f3ns <\/strong> <\/p>\n\n\n\n<p>Inf\u00f3rmase\nque o sitio web da Nova Peneira pon ou pode po\u00f1er ao dispor dos\nUsuarios medios de ligaz\u00f3n ( como, entre outros, links, banners,\nbot\u00f3ns), directorios e motores de procura que permiten aos Usuarios\nacceder a sitios web pertencentes e\/ou xestionados por terceiros. A\ninstalaci\u00f3n destas ligaz\u00f3ns, directorios e motores de procura no\nSitio web ten por obxecto facilitar aos Usuarios a procura de e\nacceso \u00e1 informaci\u00f3n dispo\u00f1ible na internet, sen que poida\nconsiderarse unha suxerencia, recomendaci\u00f3n ou invitaci\u00f3n para a\nvista dos mesmos. A Nova Peneira non ofrece nin comercializa por se\nnin por medio de terceiros os produtos e\/ ou servizos dispo\u00f1ibles\nnos devanditos sitios enlazados. As\u00ed mesmo, tampouco garantir\u00e1 a\ndispo\u00f1ibilidade t\u00e9cnica, exactitude, veracidade, validez ou\nlegalidade de sitios alleos \u00e1 s\u00faa propiedade alos que se poida\nacceder por medio das ligaz\u00f3ns. A Nova Peneira en nig\u00fan caso\nrevisar\u00e1 ou controlar\u00e1 o contido doutros sitios web, as\u00ed como\ntampouco aproba, examina nin fai propios os produtos e servizos,\ncontidos, arquivos e calquera outro material existente nos referidos\nsitios enlazados. A Nova Peneira non asume ningunha responsabilidade\npolos danos e prexu\u00edzos que puidesen producirse polo acceso, uso,\ncalidade ou licitud dos contidos, comunicaci\u00f3ns, opini\u00f3ns, produtos\ne servizos dos sitios web non xestionados pola Nova Peneira e que\nsexan enlazados neste sitio web. \n<\/p>\n\n\n\n<p><strong>VII. Acci\u00f3ns legais, lexislaci\u00f3n aplicable e xurisdici\u00f3n<\/strong>  <\/p>\n\n\n\n<p>A\nNova Peneira se reserva a facultade de presentar as acci\u00f3ns civ\u00eds\nou penais que considere necesarias pola utilizaci\u00f3n indebida do\nSitio web e Contidos, ou polo incumprimento das Condici\u00f3ns.<\/p>\n","protected":false},"excerpt":{"rendered":"<div class=\"mh-excerpt\"><p>I. Informaci\u00f3n xeral En cumprimento co deber de informaci\u00f3n disposto na Lei 34\/2002 de Servizos da Sociedade da Informaci\u00f3n e o Comercio Electr\u00f3nico ( LSSI- Ce) do 11 de xullo, facil\u00edtanse a continuaci\u00f3n os seguintes <a class=\"mh-excerpt-more\" href=\"https:\/\/www.anovapeneira.gal\/index.php\/aviso-legal-e-politica-de-cookies\/\" title=\"Aviso Legal e Pol\u00edtica de Cookies\">[&#8230;]<\/a><\/p>\n<\/div>","protected":false},"author":1,"featured_media":0,"parent":0,"menu_order":0,"comment_status":"closed","ping_status":"closed","template":"template-contact.php","meta":{"_exactmetrics_skip_tracking":false,"_exactmetrics_sitenote_active":false,"_exactmetrics_sitenote_note":"","_exactmetrics_sitenote_category":0,"footnotes":""},"class_list":["post-560","page","type-page","status-publish"],"yoast_head":"<!-- This site is optimized with the Yoast SEO plugin v27.4 - https:\/\/yoast.com\/product\/yoast-seo-wordpress\/ -->\n<title>Aviso Legal e Pol\u00edtica de Cookies -<\/title>\n<meta name=\"robots\" content=\"index, follow, max-snippet:-1, max-image-preview:large, max-video-preview:-1\" \/>\n<link rel=\"canonical\" href=\"https:\/\/www.anovapeneira.gal\/index.php\/aviso-legal-e-politica-de-cookies\/\" \/>\n<meta property=\"og:locale\" content=\"gl_ES\" \/>\n<meta property=\"og:type\" content=\"article\" \/>\n<meta property=\"og:title\" content=\"Aviso Legal e Pol\u00edtica de Cookies -\" \/>\n<meta property=\"og:description\" content=\"I. Informaci\u00f3n xeral En cumprimento co deber de informaci\u00f3n disposto na Lei 34\/2002 de Servizos da Sociedade da Informaci\u00f3n e o Comercio Electr\u00f3nico ( LSSI- Ce) do 11 de xullo, facil\u00edtanse a continuaci\u00f3n os seguintes [...]\" \/>\n<meta property=\"og:url\" content=\"https:\/\/www.anovapeneira.gal\/index.php\/aviso-legal-e-politica-de-cookies\/\" \/>\n<meta property=\"article:publisher\" content=\"https:\/\/www.facebook.com\/anovapeneira\" \/>\n<meta property=\"article:modified_time\" content=\"2019-07-15T21:16:42+00:00\" \/>\n<meta name=\"twitter:card\" content=\"summary_large_image\" \/>\n<meta name=\"twitter:site\" content=\"@APeneira\" \/>\n<meta name=\"twitter:label1\" content=\"Tempo de lectura\" \/>\n\t<meta name=\"twitter:data1\" content=\"9 minutos\" \/>\n<script type=\"application\/ld+json\" class=\"yoast-schema-graph\">{\"@context\":\"https:\\\/\\\/schema.org\",\"@graph\":[{\"@type\":\"WebPage\",\"@id\":\"https:\\\/\\\/www.anovapeneira.gal\\\/index.php\\\/aviso-legal-e-politica-de-cookies\\\/\",\"url\":\"https:\\\/\\\/www.anovapeneira.gal\\\/index.php\\\/aviso-legal-e-politica-de-cookies\\\/\",\"name\":\"Aviso Legal e Pol\u00edtica de Cookies -\",\"isPartOf\":{\"@id\":\"https:\\\/\\\/www.anovapeneira.gal\\\/#website\"},\"datePublished\":\"2019-07-15T17:50:28+00:00\",\"dateModified\":\"2019-07-15T21:16:42+00:00\",\"breadcrumb\":{\"@id\":\"https:\\\/\\\/www.anovapeneira.gal\\\/index.php\\\/aviso-legal-e-politica-de-cookies\\\/#breadcrumb\"},\"inLanguage\":\"gl-ES\",\"potentialAction\":[{\"@type\":\"ReadAction\",\"target\":[\"https:\\\/\\\/www.anovapeneira.gal\\\/index.php\\\/aviso-legal-e-politica-de-cookies\\\/\"]}]},{\"@type\":\"BreadcrumbList\",\"@id\":\"https:\\\/\\\/www.anovapeneira.gal\\\/index.php\\\/aviso-legal-e-politica-de-cookies\\\/#breadcrumb\",\"itemListElement\":[{\"@type\":\"ListItem\",\"position\":1,\"name\":\"Portada\",\"item\":\"https:\\\/\\\/www.anovapeneira.gal\\\/\"},{\"@type\":\"ListItem\",\"position\":2,\"name\":\"Aviso Legal e Pol\u00edtica de Cookies\"}]},{\"@type\":\"WebSite\",\"@id\":\"https:\\\/\\\/www.anovapeneira.gal\\\/#website\",\"url\":\"https:\\\/\\\/www.anovapeneira.gal\\\/\",\"name\":\"\",\"description\":\"Xornal galego de informaci\u00f3n xeral Publicaci\u00f3n mensual de novas de Galicia e en especial dos Concellos da sur da provincia de Pontevedra.\",\"publisher\":{\"@id\":\"https:\\\/\\\/www.anovapeneira.gal\\\/#organization\"},\"potentialAction\":[{\"@type\":\"SearchAction\",\"target\":{\"@type\":\"EntryPoint\",\"urlTemplate\":\"https:\\\/\\\/www.anovapeneira.gal\\\/?s={search_term_string}\"},\"query-input\":{\"@type\":\"PropertyValueSpecification\",\"valueRequired\":true,\"valueName\":\"search_term_string\"}}],\"inLanguage\":\"gl-ES\"},{\"@type\":\"Organization\",\"@id\":\"https:\\\/\\\/www.anovapeneira.gal\\\/#organization\",\"name\":\"A Nova Peneira\",\"url\":\"https:\\\/\\\/www.anovapeneira.gal\\\/\",\"logo\":{\"@type\":\"ImageObject\",\"inLanguage\":\"gl-ES\",\"@id\":\"https:\\\/\\\/www.anovapeneira.gal\\\/#\\\/schema\\\/logo\\\/image\\\/\",\"url\":\"http:\\\/\\\/www.anovapeneira.gal\\\/wp-content\\\/uploads\\\/2019\\\/06\\\/logo_a_nova_peneira_portal_web.png\",\"contentUrl\":\"http:\\\/\\\/www.anovapeneira.gal\\\/wp-content\\\/uploads\\\/2019\\\/06\\\/logo_a_nova_peneira_portal_web.png\",\"width\":300,\"height\":100,\"caption\":\"A Nova Peneira\"},\"image\":{\"@id\":\"https:\\\/\\\/www.anovapeneira.gal\\\/#\\\/schema\\\/logo\\\/image\\\/\"},\"sameAs\":[\"https:\\\/\\\/www.facebook.com\\\/anovapeneira\",\"https:\\\/\\\/x.com\\\/APeneira\"]}]}<\/script>\n<!-- \/ Yoast SEO plugin. -->","yoast_head_json":{"title":"Aviso Legal e Pol\u00edtica de Cookies -","robots":{"index":"index","follow":"follow","max-snippet":"max-snippet:-1","max-image-preview":"max-image-preview:large","max-video-preview":"max-video-preview:-1"},"canonical":"https:\/\/www.anovapeneira.gal\/index.php\/aviso-legal-e-politica-de-cookies\/","og_locale":"gl_ES","og_type":"article","og_title":"Aviso Legal e Pol\u00edtica de Cookies -","og_description":"I. Informaci\u00f3n xeral En cumprimento co deber de informaci\u00f3n disposto na Lei 34\/2002 de Servizos da Sociedade da Informaci\u00f3n e o Comercio Electr\u00f3nico ( LSSI- Ce) do 11 de xullo, facil\u00edtanse a continuaci\u00f3n os seguintes [...]","og_url":"https:\/\/www.anovapeneira.gal\/index.php\/aviso-legal-e-politica-de-cookies\/","article_publisher":"https:\/\/www.facebook.com\/anovapeneira","article_modified_time":"2019-07-15T21:16:42+00:00","twitter_card":"summary_large_image","twitter_site":"@APeneira","twitter_misc":{"Tempo de lectura":"9 minutos"},"schema":{"@context":"https:\/\/schema.org","@graph":[{"@type":"WebPage","@id":"https:\/\/www.anovapeneira.gal\/index.php\/aviso-legal-e-politica-de-cookies\/","url":"https:\/\/www.anovapeneira.gal\/index.php\/aviso-legal-e-politica-de-cookies\/","name":"Aviso Legal e Pol\u00edtica de Cookies -","isPartOf":{"@id":"https:\/\/www.anovapeneira.gal\/#website"},"datePublished":"2019-07-15T17:50:28+00:00","dateModified":"2019-07-15T21:16:42+00:00","breadcrumb":{"@id":"https:\/\/www.anovapeneira.gal\/index.php\/aviso-legal-e-politica-de-cookies\/#breadcrumb"},"inLanguage":"gl-ES","potentialAction":[{"@type":"ReadAction","target":["https:\/\/www.anovapeneira.gal\/index.php\/aviso-legal-e-politica-de-cookies\/"]}]},{"@type":"BreadcrumbList","@id":"https:\/\/www.anovapeneira.gal\/index.php\/aviso-legal-e-politica-de-cookies\/#breadcrumb","itemListElement":[{"@type":"ListItem","position":1,"name":"Portada","item":"https:\/\/www.anovapeneira.gal\/"},{"@type":"ListItem","position":2,"name":"Aviso Legal e Pol\u00edtica de Cookies"}]},{"@type":"WebSite","@id":"https:\/\/www.anovapeneira.gal\/#website","url":"https:\/\/www.anovapeneira.gal\/","name":"","description":"Xornal galego de informaci\u00f3n xeral Publicaci\u00f3n mensual de novas de Galicia e en especial dos Concellos da sur da provincia de Pontevedra.","publisher":{"@id":"https:\/\/www.anovapeneira.gal\/#organization"},"potentialAction":[{"@type":"SearchAction","target":{"@type":"EntryPoint","urlTemplate":"https:\/\/www.anovapeneira.gal\/?s={search_term_string}"},"query-input":{"@type":"PropertyValueSpecification","valueRequired":true,"valueName":"search_term_string"}}],"inLanguage":"gl-ES"},{"@type":"Organization","@id":"https:\/\/www.anovapeneira.gal\/#organization","name":"A Nova Peneira","url":"https:\/\/www.anovapeneira.gal\/","logo":{"@type":"ImageObject","inLanguage":"gl-ES","@id":"https:\/\/www.anovapeneira.gal\/#\/schema\/logo\/image\/","url":"http:\/\/www.anovapeneira.gal\/wp-content\/uploads\/2019\/06\/logo_a_nova_peneira_portal_web.png","contentUrl":"http:\/\/www.anovapeneira.gal\/wp-content\/uploads\/2019\/06\/logo_a_nova_peneira_portal_web.png","width":300,"height":100,"caption":"A Nova Peneira"},"image":{"@id":"https:\/\/www.anovapeneira.gal\/#\/schema\/logo\/image\/"},"sameAs":["https:\/\/www.facebook.com\/anovapeneira","https:\/\/x.com\/APeneira"]}]}},"_links":{"self":[{"href":"https:\/\/www.anovapeneira.gal\/index.php\/wp-json\/wp\/v2\/pages\/560","targetHints":{"allow":["GET"]}}],"collection":[{"href":"https:\/\/www.anovapeneira.gal\/index.php\/wp-json\/wp\/v2\/pages"}],"about":[{"href":"https:\/\/www.anovapeneira.gal\/index.php\/wp-json\/wp\/v2\/types\/page"}],"author":[{"embeddable":true,"href":"https:\/\/www.anovapeneira.gal\/index.php\/wp-json\/wp\/v2\/users\/1"}],"replies":[{"embeddable":true,"href":"https:\/\/www.anovapeneira.gal\/index.php\/wp-json\/wp\/v2\/comments?post=560"}],"version-history":[{"count":2,"href":"https:\/\/www.anovapeneira.gal\/index.php\/wp-json\/wp\/v2\/pages\/560\/revisions"}],"predecessor-version":[{"id":564,"href":"https:\/\/www.anovapeneira.gal\/index.php\/wp-json\/wp\/v2\/pages\/560\/revisions\/564"}],"wp:attachment":[{"href":"https:\/\/www.anovapeneira.gal\/index.php\/wp-json\/wp\/v2\/media?parent=560"}],"curies":[{"name":"wp","href":"https:\/\/api.w.org\/{rel}","templated":true}]}}